{"id":21,"date":"2024-05-13T12:55:08","date_gmt":"2024-05-13T10:55:08","guid":{"rendered":"https:\/\/absolom.tanacorp.com\/?page_id=21"},"modified":"2024-05-13T12:56:19","modified_gmt":"2024-05-13T10:56:19","slug":"qui-suis-je","status":"publish","type":"page","link":"https:\/\/absolom.tanacorp.com\/index.php\/qui-suis-je\/","title":{"rendered":"Qui suis-je ?"},"content":{"rendered":"\n<p>\ud83d\udc4b Entrepreneur en haute couture informatique, neuroAtypique et globe-trotter du code et des mers, je suis une fusion entre la technologie de pointe et l&#8217;authenticit\u00e9 humaine<\/p>\n\n\n\n<p>Ma devise ? &#8220;Faire les choses s\u00e9rieusement sans se prendre au s\u00e9rieux, car apr\u00e8s tout, nous ne sommes que de passage&#8221; &#8211; Robert Hossein<\/p>\n\n\n\n<p>\ud83d\ude80 Comment Je Suis Arriv\u00e9 Ici<br><br>Je suis un entrepreneur dans l&#8217;\u00e2me depuis l&#8217;\u00e2ge de 7 ans, o\u00f9 j&#8217;ai commenc\u00e9 un commerce des timbres apr\u00e8s avoir d\u00e9couvert la philat\u00e9lie, et aujourd&#8217;hui, je dirige des soci\u00e9t\u00e9s sp\u00e9cialis\u00e9es dans le d\u00e9veloppement d&#8217;applications sur mesure depuis plus de 20 ans.<br>Ce fut un voyage fascinant, de la dictature communiste en Roumanie jusqu&#8217;au tissu entrepreneurial fran\u00e7ais<\/p>\n\n\n\n<p>\ud83c\udf93 \u00c9ducation &amp; Carri\u00e8re<\/p>\n\n\n\n<p>Arriv\u00e9 en France \u00e0 l&#8217;\u00e2ge de 18 ans en 1995 avec un Bac en poche, j&#8217;ai int\u00e9gr\u00e9 l&#8217;INSA de Lyon et y ai obtenu un dipl\u00f4me d&#8217;ing\u00e9nieur en informatique en 2000.<\/p>\n\n\n\n<p>\ud83e\udde0 Qui Je Suis<\/p>\n\n\n\n<p>Curieux &amp; Intuitif : Jamais un livre de trop, jamais une question de trop.<\/p>\n\n\n\n<p>\ud83c\udfa8 Mes Valeurs<\/p>\n\n\n\n<p>Cr\u00e9ativit\u00e9 : Peindre le tableau de MA VIE, pas une copie<br>Honn\u00eatet\u00e9 &amp; Int\u00e9grit\u00e9 : Pas de filtres, pas de fausses impressions<br>\u00c9quilibre : Vivre dans l&#8217;instant, sans tomber dans des extr\u00eames<br>Bien-\u00eatre : R\u00e9duire la souffrance, augmenter la joie<\/p>\n\n\n\n<p>\u2693 Passions en Bonus<\/p>\n\n\n\n<p>Voile : Skipper depuis 20 ans. Non, pas de r\u00e9gate, mais beaucoup de &#8220;Sail-Office&#8221;<br>P\u00e9dagogie &amp; \u00c9ducation : Papa de 3 enfants, j&#8217;ai un besoin inn\u00e9 de transmettre et \u00e9lever<br>D\u00e9veloppement personnel &amp; Spiritualit\u00e9 : \u00ab Connais-toi toi-m\u00eame \u00bb, disait Socrate. &#8220;Explore l&#8217;invisible&#8221;, dis-je.<\/p>\n\n\n\n<p>\ud83c\udf40 Un Brin Connect\u00e9<\/p>\n\n\n\n<p>Oui, vous avez bien lu, je suis \u00e9galement magn\u00e9tiseur, gu\u00e9risseur et chamane<br>Je consulte 1\/2 journ\u00e9e par semaine dans mon cabinet \u00e0 Lyon 4\u00e8me.<\/p>\n\n\n\n<p>\ud83d\udd17 Connectons-nous et explorons les possibilit\u00e9s<br>Si ce que vous lisez r\u00e9sonne avec vous, prenons un caf\u00e9 virtuel, qui sait o\u00f9 cela pourrait nous mener !<\/p>\n","protected":false},"excerpt":{"rendered":"<p>\ud83d\udc4b Entrepreneur en haute couture informatique, neuroAtypique et globe-trotter du code et des mers, je suis une fusion entre la [&hellip;]<\/p>\n","protected":false},"author":2,"featured_media":0,"parent":0,"menu_order":0,"comment_status":"closed","ping_status":"closed","template":"","meta":{"site-sidebar-layout":"default","site-content-layout":"","ast-site-content-layout":"","site-content-style":"default","site-sidebar-style":"default","ast-global-header-display":"","ast-banner-title-visibility":"","ast-main-header-display":"","ast-hfb-above-header-display":"","ast-hfb-below-header-display":"","ast-hfb-mobile-header-display":"","site-post-title":"","ast-breadcrumbs-content":"","ast-featured-img":"","footer-sml-layout":"","theme-transparent-header-meta":"","adv-header-id-meta":"","stick-header-meta":"","header-above-stick-meta":"","header-main-stick-meta":"","header-below-stick-meta":"","astra-migrate-meta-layouts":"default","ast-page-background-enabled":"default","ast-page-background-meta":{"desktop":{"background-color":"var(--ast-global-color-4)","background-image":"","background-repeat":"repeat","background-position":"center center","background-size":"auto","background-attachment":"scroll","background-type":"","background-media":"","overlay-type":"","overlay-color":"","overlay-gradient":""},"tablet":{"background-color":"","background-image":"","background-repeat":"repeat","background-position":"center center","background-size":"auto","background-attachment":"scroll","background-type":"","background-media":"","overlay-type":"","overlay-color":"","overlay-gradient":""},"mobile":{"background-color":"","background-image":"","background-repeat":"repeat","background-position":"center center","background-size":"auto","background-attachment":"scroll","background-type":"","background-media":"","overlay-type":"","overlay-color":"","overlay-gradient":""}},"ast-content-background-meta":{"desktop":{"background-color":"var(--ast-global-color-5)","background-image":"","background-repeat":"repeat","background-position":"center center","background-size":"auto","background-attachment":"scroll","background-type":"","background-media":"","overlay-type":"","overlay-color":"","overlay-gradient":""},"tablet":{"background-color":"var(--ast-global-color-5)","background-image":"","background-repeat":"repeat","background-position":"center center","background-size":"auto","background-attachment":"scroll","background-type":"","background-media":"","overlay-type":"","overlay-color":"","overlay-gradient":""},"mobile":{"background-color":"var(--ast-global-color-5)","background-image":"","background-repeat":"repeat","background-position":"center center","background-size":"auto","background-attachment":"scroll","background-type":"","background-media":"","overlay-type":"","overlay-color":"","overlay-gradient":""}},"footnotes":""},"class_list":["post-21","page","type-page","status-publish","hentry"],"yoast_head":"<!-- This site is optimized with the Yoast SEO plugin v27.3 - https:\/\/yoast.com\/product\/yoast-seo-wordpress\/ -->\n<title>Qui suis-je ? - AbsoloM<\/title>\n<meta name=\"robots\" content=\"index, follow, max-snippet:-1, max-image-preview:large, max-video-preview:-1\" \/>\n<link rel=\"canonical\" href=\"https:\/\/absolom.tanacorp.com\/index.php\/qui-suis-je\/\" \/>\n<meta property=\"og:locale\" content=\"en_US\" \/>\n<meta property=\"og:type\" content=\"article\" \/>\n<meta property=\"og:title\" content=\"Qui suis-je ? - AbsoloM\" \/>\n<meta property=\"og:description\" content=\"\ud83d\udc4b Entrepreneur en haute couture informatique, neuroAtypique et globe-trotter du code et des mers, je suis une fusion entre la [&hellip;]\" \/>\n<meta property=\"og:url\" content=\"https:\/\/absolom.tanacorp.com\/index.php\/qui-suis-je\/\" \/>\n<meta property=\"og:site_name\" content=\"AbsoloM\" \/>\n<meta property=\"article:modified_time\" content=\"2024-05-13T10:56:19+00:00\" \/>\n<meta property=\"og:image\" content=\"https:\/\/absolom.tanacorp.com\/wp-content\/uploads\/2024\/05\/1698401526203.jpeg\" \/>\n\t<meta property=\"og:image:width\" content=\"800\" \/>\n\t<meta property=\"og:image:height\" content=\"800\" \/>\n\t<meta property=\"og:image:type\" content=\"image\/jpeg\" \/>\n<meta name=\"twitter:card\" content=\"summary_large_image\" \/>\n<meta name=\"twitter:label1\" content=\"Est. reading time\" \/>\n\t<meta name=\"twitter:data1\" content=\"2 minutes\" \/>\n<script type=\"application\/ld+json\" class=\"yoast-schema-graph\">{\"@context\":\"https:\\\/\\\/schema.org\",\"@graph\":[{\"@type\":\"WebPage\",\"@id\":\"https:\\\/\\\/absolom.tanacorp.com\\\/index.php\\\/qui-suis-je\\\/\",\"url\":\"https:\\\/\\\/absolom.tanacorp.com\\\/index.php\\\/qui-suis-je\\\/\",\"name\":\"Qui suis-je ? - AbsoloM\",\"isPartOf\":{\"@id\":\"https:\\\/\\\/absolom.tanacorp.com\\\/#website\"},\"datePublished\":\"2024-05-13T10:55:08+00:00\",\"dateModified\":\"2024-05-13T10:56:19+00:00\",\"breadcrumb\":{\"@id\":\"https:\\\/\\\/absolom.tanacorp.com\\\/index.php\\\/qui-suis-je\\\/#breadcrumb\"},\"inLanguage\":\"en-US\",\"potentialAction\":[{\"@type\":\"ReadAction\",\"target\":[\"https:\\\/\\\/absolom.tanacorp.com\\\/index.php\\\/qui-suis-je\\\/\"]}]},{\"@type\":\"BreadcrumbList\",\"@id\":\"https:\\\/\\\/absolom.tanacorp.com\\\/index.php\\\/qui-suis-je\\\/#breadcrumb\",\"itemListElement\":[{\"@type\":\"ListItem\",\"position\":1,\"name\":\"Accueil\",\"item\":\"https:\\\/\\\/absolom.tanacorp.com\\\/\"},{\"@type\":\"ListItem\",\"position\":2,\"name\":\"Qui suis-je ?\"}]},{\"@type\":\"WebSite\",\"@id\":\"https:\\\/\\\/absolom.tanacorp.com\\\/#website\",\"url\":\"https:\\\/\\\/absolom.tanacorp.com\\\/\",\"name\":\"AbsoloM\",\"description\":\"Pens\u00e9es\",\"publisher\":{\"@id\":\"https:\\\/\\\/absolom.tanacorp.com\\\/#organization\"},\"potentialAction\":[{\"@type\":\"SearchAction\",\"target\":{\"@type\":\"EntryPoint\",\"urlTemplate\":\"https:\\\/\\\/absolom.tanacorp.com\\\/?s={search_term_string}\"},\"query-input\":{\"@type\":\"PropertyValueSpecification\",\"valueRequired\":true,\"valueName\":\"search_term_string\"}}],\"inLanguage\":\"en-US\"},{\"@type\":\"Organization\",\"@id\":\"https:\\\/\\\/absolom.tanacorp.com\\\/#organization\",\"name\":\"AbsoloM\",\"url\":\"https:\\\/\\\/absolom.tanacorp.com\\\/\",\"logo\":{\"@type\":\"ImageObject\",\"inLanguage\":\"en-US\",\"@id\":\"https:\\\/\\\/absolom.tanacorp.com\\\/#\\\/schema\\\/logo\\\/image\\\/\",\"url\":\"https:\\\/\\\/absolom.tanacorp.com\\\/wp-content\\\/uploads\\\/2024\\\/05\\\/1698401526203.jpeg\",\"contentUrl\":\"https:\\\/\\\/absolom.tanacorp.com\\\/wp-content\\\/uploads\\\/2024\\\/05\\\/1698401526203.jpeg\",\"width\":800,\"height\":800,\"caption\":\"AbsoloM\"},\"image\":{\"@id\":\"https:\\\/\\\/absolom.tanacorp.com\\\/#\\\/schema\\\/logo\\\/image\\\/\"},\"sameAs\":[\"https:\\\/\\\/www.linkedin.com\\\/in\\\/mihaitanasoiu\\\/\"]}]}<\/script>\n<!-- \/ Yoast SEO plugin. -->","yoast_head_json":{"title":"Qui suis-je ? - AbsoloM","robots":{"index":"index","follow":"follow","max-snippet":"max-snippet:-1","max-image-preview":"max-image-preview:large","max-video-preview":"max-video-preview:-1"},"canonical":"https:\/\/absolom.tanacorp.com\/index.php\/qui-suis-je\/","og_locale":"en_US","og_type":"article","og_title":"Qui suis-je ? - AbsoloM","og_description":"\ud83d\udc4b Entrepreneur en haute couture informatique, neuroAtypique et globe-trotter du code et des mers, je suis une fusion entre la [&hellip;]","og_url":"https:\/\/absolom.tanacorp.com\/index.php\/qui-suis-je\/","og_site_name":"AbsoloM","article_modified_time":"2024-05-13T10:56:19+00:00","og_image":[{"width":800,"height":800,"url":"https:\/\/absolom.tanacorp.com\/wp-content\/uploads\/2024\/05\/1698401526203.jpeg","type":"image\/jpeg"}],"twitter_card":"summary_large_image","twitter_misc":{"Est. reading time":"2 minutes"},"schema":{"@context":"https:\/\/schema.org","@graph":[{"@type":"WebPage","@id":"https:\/\/absolom.tanacorp.com\/index.php\/qui-suis-je\/","url":"https:\/\/absolom.tanacorp.com\/index.php\/qui-suis-je\/","name":"Qui suis-je ? - AbsoloM","isPartOf":{"@id":"https:\/\/absolom.tanacorp.com\/#website"},"datePublished":"2024-05-13T10:55:08+00:00","dateModified":"2024-05-13T10:56:19+00:00","breadcrumb":{"@id":"https:\/\/absolom.tanacorp.com\/index.php\/qui-suis-je\/#breadcrumb"},"inLanguage":"en-US","potentialAction":[{"@type":"ReadAction","target":["https:\/\/absolom.tanacorp.com\/index.php\/qui-suis-je\/"]}]},{"@type":"BreadcrumbList","@id":"https:\/\/absolom.tanacorp.com\/index.php\/qui-suis-je\/#breadcrumb","itemListElement":[{"@type":"ListItem","position":1,"name":"Accueil","item":"https:\/\/absolom.tanacorp.com\/"},{"@type":"ListItem","position":2,"name":"Qui suis-je ?"}]},{"@type":"WebSite","@id":"https:\/\/absolom.tanacorp.com\/#website","url":"https:\/\/absolom.tanacorp.com\/","name":"AbsoloM","description":"Pens\u00e9es","publisher":{"@id":"https:\/\/absolom.tanacorp.com\/#organization"},"potentialAction":[{"@type":"SearchAction","target":{"@type":"EntryPoint","urlTemplate":"https:\/\/absolom.tanacorp.com\/?s={search_term_string}"},"query-input":{"@type":"PropertyValueSpecification","valueRequired":true,"valueName":"search_term_string"}}],"inLanguage":"en-US"},{"@type":"Organization","@id":"https:\/\/absolom.tanacorp.com\/#organization","name":"AbsoloM","url":"https:\/\/absolom.tanacorp.com\/","logo":{"@type":"ImageObject","inLanguage":"en-US","@id":"https:\/\/absolom.tanacorp.com\/#\/schema\/logo\/image\/","url":"https:\/\/absolom.tanacorp.com\/wp-content\/uploads\/2024\/05\/1698401526203.jpeg","contentUrl":"https:\/\/absolom.tanacorp.com\/wp-content\/uploads\/2024\/05\/1698401526203.jpeg","width":800,"height":800,"caption":"AbsoloM"},"image":{"@id":"https:\/\/absolom.tanacorp.com\/#\/schema\/logo\/image\/"},"sameAs":["https:\/\/www.linkedin.com\/in\/mihaitanasoiu\/"]}]}},"_links":{"self":[{"href":"https:\/\/absolom.tanacorp.com\/index.php\/wp-json\/wp\/v2\/pages\/21","targetHints":{"allow":["GET"]}}],"collection":[{"href":"https:\/\/absolom.tanacorp.com\/index.php\/wp-json\/wp\/v2\/pages"}],"about":[{"href":"https:\/\/absolom.tanacorp.com\/index.php\/wp-json\/wp\/v2\/types\/page"}],"author":[{"embeddable":true,"href":"https:\/\/absolom.tanacorp.com\/index.php\/wp-json\/wp\/v2\/users\/2"}],"replies":[{"embeddable":true,"href":"https:\/\/absolom.tanacorp.com\/index.php\/wp-json\/wp\/v2\/comments?post=21"}],"version-history":[{"count":2,"href":"https:\/\/absolom.tanacorp.com\/index.php\/wp-json\/wp\/v2\/pages\/21\/revisions"}],"predecessor-version":[{"id":24,"href":"https:\/\/absolom.tanacorp.com\/index.php\/wp-json\/wp\/v2\/pages\/21\/revisions\/24"}],"wp:attachment":[{"href":"https:\/\/absolom.tanacorp.com\/index.php\/wp-json\/wp\/v2\/media?parent=21"}],"curies":[{"name":"wp","href":"https:\/\/api.w.org\/{rel}","templated":true}]}}