{"id":18,"date":"2024-05-13T12:54:53","date_gmt":"2024-05-13T10:54:53","guid":{"rendered":"https:\/\/absolom.tanacorp.com\/?page_id=18"},"modified":"2024-05-13T13:10:13","modified_gmt":"2024-05-13T11:10:13","slug":"pourquoi","status":"publish","type":"page","link":"https:\/\/absolom.tanacorp.com\/index.php\/pourquoi\/","title":{"rendered":"Pourquoi ce blog ?"},"content":{"rendered":"\n<blockquote class=\"wp-block-quote is-layout-flow wp-block-quote-is-layout-flow\">\n<p>&#8220;On n&#8217;\u00e9crit pas seulement avec ses id\u00e9es, on \u00e9crit aussi avec ses mains, avec son enfance, avec ses maladies, avec sa lassitude, avec sa fiert\u00e9.&#8221; <\/p>\n<cite>Jules Renard<\/cite><\/blockquote>\n\n\n\n<p>On n&#8217;\u00e9crit pas parce qu&#8217;on a des id\u00e9es, on a des id\u00e9es parce qu&#8217;on \u00e9crit.<\/p>\n\n\n\n<p>Il est commun\u00e9ment admis que l&#8217;on \u00e9crit pour exprimer des id\u00e9es pr\u00e9alablement form\u00e9es dans notre esprit. Je n&#8217;y crois pas. Je pense que nos pens\u00e9es sont seulement des r\u00eaves qui flottent dans notre psych\u00e9 tant que nous ne clarifierons pas avec nous-m\u00eames, en les &#8220;accouchant&#8221; par \u00e9crit et en les partageant.<\/p>\n\n\n\n<p>Je crois que pour nous comprendre soi-m\u00eame nous avons besoin de sortir du doux confort de notre psych\u00e9, et nous aventurer dans l&#8217;inconnu, repr\u00e9sent\u00e9 ici par l&#8217;Autre, sa lecture, son avis sur ce que nous arrivons \u00e0 clarifier et \u00e0 communiquer.<\/p>\n\n\n\n<p>D&#8217;o\u00f9 ce blog. Qui a pour objectif de partager des id\u00e9es et de d\u00e9clencher des \u00e9changes.<\/p>\n\n\n\n<blockquote class=\"wp-block-quote is-layout-flow wp-block-quote-is-layout-flow\">\n<p>&#8220;Ce n&#8217;est pas la destination qui compte, mais le voyage lui-m\u00eame.&#8221;<\/p>\n<cite>Confucius<\/cite><\/blockquote>\n\n\n\n<p>Bienvenu sur le chemin !<\/p>\n","protected":false},"excerpt":{"rendered":"<p>&#8220;On n&#8217;\u00e9crit pas seulement avec ses id\u00e9es, on \u00e9crit aussi avec ses mains, avec son enfance, avec ses maladies, avec [&hellip;]<\/p>\n","protected":false},"author":2,"featured_media":0,"parent":0,"menu_order":0,"comment_status":"closed","ping_status":"closed","template":"","meta":{"site-sidebar-layout":"default","site-content-layout":"","ast-site-content-layout":"","site-content-style":"default","site-sidebar-style":"default","ast-global-header-display":"","ast-banner-title-visibility":"","ast-main-header-display":"","ast-hfb-above-header-display":"","ast-hfb-below-header-display":"","ast-hfb-mobile-header-display":"","site-post-title":"","ast-breadcrumbs-content":"","ast-featured-img":"","footer-sml-layout":"","theme-transparent-header-meta":"","adv-header-id-meta":"","stick-header-meta":"","header-above-stick-meta":"","header-main-stick-meta":"","header-below-stick-meta":"","astra-migrate-meta-layouts":"default","ast-page-background-enabled":"default","ast-page-background-meta":{"desktop":{"background-color":"var(--ast-global-color-4)","background-image":"","background-repeat":"repeat","background-position":"center center","background-size":"auto","background-attachment":"scroll","background-type":"","background-media":"","overlay-type":"","overlay-color":"","overlay-gradient":""},"tablet":{"background-color":"","background-image":"","background-repeat":"repeat","background-position":"center center","background-size":"auto","background-attachment":"scroll","background-type":"","background-media":"","overlay-type":"","overlay-color":"","overlay-gradient":""},"mobile":{"background-color":"","background-image":"","background-repeat":"repeat","background-position":"center center","background-size":"auto","background-attachment":"scroll","background-type":"","background-media":"","overlay-type":"","overlay-color":"","overlay-gradient":""}},"ast-content-background-meta":{"desktop":{"background-color":"var(--ast-global-color-5)","background-image":"","background-repeat":"repeat","background-position":"center center","background-size":"auto","background-attachment":"scroll","background-type":"","background-media":"","overlay-type":"","overlay-color":"","overlay-gradient":""},"tablet":{"background-color":"var(--ast-global-color-5)","background-image":"","background-repeat":"repeat","background-position":"center center","background-size":"auto","background-attachment":"scroll","background-type":"","background-media":"","overlay-type":"","overlay-color":"","overlay-gradient":""},"mobile":{"background-color":"var(--ast-global-color-5)","background-image":"","background-repeat":"repeat","background-position":"center center","background-size":"auto","background-attachment":"scroll","background-type":"","background-media":"","overlay-type":"","overlay-color":"","overlay-gradient":""}},"footnotes":""},"class_list":["post-18","page","type-page","status-publish","hentry"],"yoast_head":"<!-- This site is optimized with the Yoast SEO plugin v27.3 - https:\/\/yoast.com\/product\/yoast-seo-wordpress\/ -->\n<title>Pourquoi ce blog ? - AbsoloM<\/title>\n<meta name=\"robots\" content=\"index, follow, max-snippet:-1, max-image-preview:large, max-video-preview:-1\" \/>\n<link rel=\"canonical\" href=\"https:\/\/absolom.tanacorp.com\/index.php\/pourquoi\/\" \/>\n<meta property=\"og:locale\" content=\"en_US\" \/>\n<meta property=\"og:type\" content=\"article\" \/>\n<meta property=\"og:title\" content=\"Pourquoi ce blog ? - AbsoloM\" \/>\n<meta property=\"og:description\" content=\"&#8220;On n&#8217;\u00e9crit pas seulement avec ses id\u00e9es, on \u00e9crit aussi avec ses mains, avec son enfance, avec ses maladies, avec [&hellip;]\" \/>\n<meta property=\"og:url\" content=\"https:\/\/absolom.tanacorp.com\/index.php\/pourquoi\/\" \/>\n<meta property=\"og:site_name\" content=\"AbsoloM\" \/>\n<meta property=\"article:modified_time\" content=\"2024-05-13T11:10:13+00:00\" \/>\n<meta property=\"og:image\" content=\"https:\/\/absolom.tanacorp.com\/wp-content\/uploads\/2024\/05\/1698401526203.jpeg\" \/>\n\t<meta property=\"og:image:width\" content=\"800\" \/>\n\t<meta property=\"og:image:height\" content=\"800\" \/>\n\t<meta property=\"og:image:type\" content=\"image\/jpeg\" \/>\n<meta name=\"twitter:card\" content=\"summary_large_image\" \/>\n<meta name=\"twitter:label1\" content=\"Est. reading time\" \/>\n\t<meta name=\"twitter:data1\" content=\"1 minute\" \/>\n<script type=\"application\/ld+json\" class=\"yoast-schema-graph\">{\"@context\":\"https:\\\/\\\/schema.org\",\"@graph\":[{\"@type\":\"WebPage\",\"@id\":\"https:\\\/\\\/absolom.tanacorp.com\\\/index.php\\\/pourquoi\\\/\",\"url\":\"https:\\\/\\\/absolom.tanacorp.com\\\/index.php\\\/pourquoi\\\/\",\"name\":\"Pourquoi ce blog ? - AbsoloM\",\"isPartOf\":{\"@id\":\"https:\\\/\\\/absolom.tanacorp.com\\\/#website\"},\"datePublished\":\"2024-05-13T10:54:53+00:00\",\"dateModified\":\"2024-05-13T11:10:13+00:00\",\"breadcrumb\":{\"@id\":\"https:\\\/\\\/absolom.tanacorp.com\\\/index.php\\\/pourquoi\\\/#breadcrumb\"},\"inLanguage\":\"en-US\",\"potentialAction\":[{\"@type\":\"ReadAction\",\"target\":[\"https:\\\/\\\/absolom.tanacorp.com\\\/index.php\\\/pourquoi\\\/\"]}]},{\"@type\":\"BreadcrumbList\",\"@id\":\"https:\\\/\\\/absolom.tanacorp.com\\\/index.php\\\/pourquoi\\\/#breadcrumb\",\"itemListElement\":[{\"@type\":\"ListItem\",\"position\":1,\"name\":\"Accueil\",\"item\":\"https:\\\/\\\/absolom.tanacorp.com\\\/\"},{\"@type\":\"ListItem\",\"position\":2,\"name\":\"Pourquoi ce blog ?\"}]},{\"@type\":\"WebSite\",\"@id\":\"https:\\\/\\\/absolom.tanacorp.com\\\/#website\",\"url\":\"https:\\\/\\\/absolom.tanacorp.com\\\/\",\"name\":\"AbsoloM\",\"description\":\"Pens\u00e9es\",\"publisher\":{\"@id\":\"https:\\\/\\\/absolom.tanacorp.com\\\/#organization\"},\"potentialAction\":[{\"@type\":\"SearchAction\",\"target\":{\"@type\":\"EntryPoint\",\"urlTemplate\":\"https:\\\/\\\/absolom.tanacorp.com\\\/?s={search_term_string}\"},\"query-input\":{\"@type\":\"PropertyValueSpecification\",\"valueRequired\":true,\"valueName\":\"search_term_string\"}}],\"inLanguage\":\"en-US\"},{\"@type\":\"Organization\",\"@id\":\"https:\\\/\\\/absolom.tanacorp.com\\\/#organization\",\"name\":\"AbsoloM\",\"url\":\"https:\\\/\\\/absolom.tanacorp.com\\\/\",\"logo\":{\"@type\":\"ImageObject\",\"inLanguage\":\"en-US\",\"@id\":\"https:\\\/\\\/absolom.tanacorp.com\\\/#\\\/schema\\\/logo\\\/image\\\/\",\"url\":\"https:\\\/\\\/absolom.tanacorp.com\\\/wp-content\\\/uploads\\\/2024\\\/05\\\/1698401526203.jpeg\",\"contentUrl\":\"https:\\\/\\\/absolom.tanacorp.com\\\/wp-content\\\/uploads\\\/2024\\\/05\\\/1698401526203.jpeg\",\"width\":800,\"height\":800,\"caption\":\"AbsoloM\"},\"image\":{\"@id\":\"https:\\\/\\\/absolom.tanacorp.com\\\/#\\\/schema\\\/logo\\\/image\\\/\"},\"sameAs\":[\"https:\\\/\\\/www.linkedin.com\\\/in\\\/mihaitanasoiu\\\/\"]}]}<\/script>\n<!-- \/ Yoast SEO plugin. -->","yoast_head_json":{"title":"Pourquoi ce blog ? - AbsoloM","robots":{"index":"index","follow":"follow","max-snippet":"max-snippet:-1","max-image-preview":"max-image-preview:large","max-video-preview":"max-video-preview:-1"},"canonical":"https:\/\/absolom.tanacorp.com\/index.php\/pourquoi\/","og_locale":"en_US","og_type":"article","og_title":"Pourquoi ce blog ? - AbsoloM","og_description":"&#8220;On n&#8217;\u00e9crit pas seulement avec ses id\u00e9es, on \u00e9crit aussi avec ses mains, avec son enfance, avec ses maladies, avec [&hellip;]","og_url":"https:\/\/absolom.tanacorp.com\/index.php\/pourquoi\/","og_site_name":"AbsoloM","article_modified_time":"2024-05-13T11:10:13+00:00","og_image":[{"width":800,"height":800,"url":"https:\/\/absolom.tanacorp.com\/wp-content\/uploads\/2024\/05\/1698401526203.jpeg","type":"image\/jpeg"}],"twitter_card":"summary_large_image","twitter_misc":{"Est. reading time":"1 minute"},"schema":{"@context":"https:\/\/schema.org","@graph":[{"@type":"WebPage","@id":"https:\/\/absolom.tanacorp.com\/index.php\/pourquoi\/","url":"https:\/\/absolom.tanacorp.com\/index.php\/pourquoi\/","name":"Pourquoi ce blog ? - AbsoloM","isPartOf":{"@id":"https:\/\/absolom.tanacorp.com\/#website"},"datePublished":"2024-05-13T10:54:53+00:00","dateModified":"2024-05-13T11:10:13+00:00","breadcrumb":{"@id":"https:\/\/absolom.tanacorp.com\/index.php\/pourquoi\/#breadcrumb"},"inLanguage":"en-US","potentialAction":[{"@type":"ReadAction","target":["https:\/\/absolom.tanacorp.com\/index.php\/pourquoi\/"]}]},{"@type":"BreadcrumbList","@id":"https:\/\/absolom.tanacorp.com\/index.php\/pourquoi\/#breadcrumb","itemListElement":[{"@type":"ListItem","position":1,"name":"Accueil","item":"https:\/\/absolom.tanacorp.com\/"},{"@type":"ListItem","position":2,"name":"Pourquoi ce blog ?"}]},{"@type":"WebSite","@id":"https:\/\/absolom.tanacorp.com\/#website","url":"https:\/\/absolom.tanacorp.com\/","name":"AbsoloM","description":"Pens\u00e9es","publisher":{"@id":"https:\/\/absolom.tanacorp.com\/#organization"},"potentialAction":[{"@type":"SearchAction","target":{"@type":"EntryPoint","urlTemplate":"https:\/\/absolom.tanacorp.com\/?s={search_term_string}"},"query-input":{"@type":"PropertyValueSpecification","valueRequired":true,"valueName":"search_term_string"}}],"inLanguage":"en-US"},{"@type":"Organization","@id":"https:\/\/absolom.tanacorp.com\/#organization","name":"AbsoloM","url":"https:\/\/absolom.tanacorp.com\/","logo":{"@type":"ImageObject","inLanguage":"en-US","@id":"https:\/\/absolom.tanacorp.com\/#\/schema\/logo\/image\/","url":"https:\/\/absolom.tanacorp.com\/wp-content\/uploads\/2024\/05\/1698401526203.jpeg","contentUrl":"https:\/\/absolom.tanacorp.com\/wp-content\/uploads\/2024\/05\/1698401526203.jpeg","width":800,"height":800,"caption":"AbsoloM"},"image":{"@id":"https:\/\/absolom.tanacorp.com\/#\/schema\/logo\/image\/"},"sameAs":["https:\/\/www.linkedin.com\/in\/mihaitanasoiu\/"]}]}},"_links":{"self":[{"href":"https:\/\/absolom.tanacorp.com\/index.php\/wp-json\/wp\/v2\/pages\/18","targetHints":{"allow":["GET"]}}],"collection":[{"href":"https:\/\/absolom.tanacorp.com\/index.php\/wp-json\/wp\/v2\/pages"}],"about":[{"href":"https:\/\/absolom.tanacorp.com\/index.php\/wp-json\/wp\/v2\/types\/page"}],"author":[{"embeddable":true,"href":"https:\/\/absolom.tanacorp.com\/index.php\/wp-json\/wp\/v2\/users\/2"}],"replies":[{"embeddable":true,"href":"https:\/\/absolom.tanacorp.com\/index.php\/wp-json\/wp\/v2\/comments?post=18"}],"version-history":[{"count":4,"href":"https:\/\/absolom.tanacorp.com\/index.php\/wp-json\/wp\/v2\/pages\/18\/revisions"}],"predecessor-version":[{"id":26,"href":"https:\/\/absolom.tanacorp.com\/index.php\/wp-json\/wp\/v2\/pages\/18\/revisions\/26"}],"wp:attachment":[{"href":"https:\/\/absolom.tanacorp.com\/index.php\/wp-json\/wp\/v2\/media?parent=18"}],"curies":[{"name":"wp","href":"https:\/\/api.w.org\/{rel}","templated":true}]}}